{"id":3699,"date":"2022-11-13T08:48:43","date_gmt":"2022-11-13T08:48:43","guid":{"rendered":"https:\/\/appdolcea.com\/buchung\/"},"modified":"2022-12-02T02:05:08","modified_gmt":"2022-12-02T02:05:08","slug":"buchung","status":"publish","type":"page","link":"https:\/\/appdolcea.com\/de\/buchung\/","title":{"rendered":"Buchung"},"content":{"rendered":"\t\t<div data-elementor-type=\"wp-page\" data-elementor-id=\"3699\" class=\"elementor elementor-3699 elementor-3564\">\n\t\t\t\t\t\t\t\t\t<div class=\"elementor-section elementor-top-section elementor-element elementor-element-2a073d6e elementor-section-boxed elementor-section-height-default elementor-section-height-default\" data-id=\"2a073d6e\" data-element_type=\"section\" data-settings=\"{&quot;background_background&quot;:&quot;classic&quot;,&quot;background_motion_fx_motion_fx_scrolling&quot;:&quot;yes&quot;,&quot;background_motion_fx_translateY_effect&quot;:&quot;yes&quot;,&quot;background_motion_fx_translateY_speed&quot;:{&quot;unit&quot;:&quot;px&quot;,&quot;size&quot;:3,&quot;sizes&quot;:[]},&quot;background_motion_fx_translateY_affectedRange&quot;:{&quot;unit&quot;:&quot;%&quot;,&quot;size&quot;:&quot;&quot;,&quot;sizes&quot;:{&quot;start&quot;:20,&quot;end&quot;:80}},&quot;background_motion_fx_devices&quot;:[&quot;desktop&quot;,&quot;tablet&quot;,&quot;mobile&quot;]}\">\n\t\t\t\t\t\t<div class=\"elementor-container elementor-column-gap-no\">\n\t\t\t\t\t<div class=\"elementor-column elementor-col-100 elementor-top-column elementor-element elementor-element-560798fb\" data-id=\"560798fb\" data-element_type=\"column\">\n\t\t\t<div class=\"elementor-widget-wrap elementor-element-populated\">\n\t\t\t\t\t\t\t\t<div class=\"elementor-element elementor-element-4bb72807 elementor-widget elementor-widget-text-editor\" data-id=\"4bb72807\" data-element_type=\"widget\" data-widget_type=\"text-editor.default\">\n\t\t\t\t<div class=\"elementor-widget-container\">\n\t\t\t<style>\/*! elementor - v3.8.1 - 13-11-2022 *\/\n.elementor-widget-text-editor.elementor-drop-cap-view-stacked .elementor-drop-cap{background-color:#818a91;color:#fff}.elementor-widget-text-editor.elementor-drop-cap-view-framed .elementor-drop-cap{color:#818a91;border:3px solid;background-color:transparent}.elementor-widget-text-editor:not(.elementor-drop-cap-view-default) .elementor-drop-cap{margin-top:8px}.elementor-widget-text-editor:not(.elementor-drop-cap-view-default) .elementor-drop-cap-letter{width:1em;height:1em}.elementor-widget-text-editor .elementor-drop-cap{float:left;text-align:center;line-height:1;font-size:50px}.elementor-widget-text-editor .elementor-drop-cap-letter{display:inline-block}<\/style>\t\t\t\t<p>Buchung<\/p>\n\t\t\t\t\t\t<\/div>\n\t\t\t\t<\/div>\n\t\t\t\t\t<\/div>\n\t\t<\/div>\n\t\t\t\t\t\t\t<\/div>\n\t\t<\/div>\n\t\t\t\t<div class=\"elementor-section elementor-top-section elementor-element elementor-element-301595c5 elementor-section-boxed elementor-section-height-default elementor-section-height-default\" data-id=\"301595c5\" data-element_type=\"section\">\n\t\t\t\t\t\t<div class=\"elementor-container elementor-column-gap-default\">\n\t\t\t\t\t<div class=\"elementor-column elementor-col-25 elementor-top-column elementor-element elementor-element-413495ae\" data-id=\"413495ae\" data-element_type=\"column\">\n\t\t\t<div class=\"elementor-widget-wrap\">\n\t\t\t\t\t\t\t\t\t<\/div>\n\t\t<\/div>\n\t\t\t\t<div class=\"elementor-column elementor-col-50 elementor-top-column elementor-element elementor-element-2a6569d7\" data-id=\"2a6569d7\" data-element_type=\"column\">\n\t\t\t<div class=\"elementor-widget-wrap elementor-element-populated\">\n\t\t\t\t\t\t\t\t<div class=\"elementor-element elementor-element-78ada438 elementor-widget elementor-widget-html\" data-id=\"78ada438\" data-element_type=\"widget\" data-widget_type=\"html.default\">\n\t\t\t\t<div class=\"elementor-widget-container\">\n\t\t\t<form action=\"https:\/\/secure.phobs.net\/book.php\" method=\"get\" id=\"phobs_book\" name=\"phobs_book\">\n\n   <h3 class=\"booking_naslov\">Reservierungen<\/h3>\n   \n<p><input name=\"hotel\" type=\"hidden\" value=\"42a47b9c14a5b71f6792a706758a644a\" style=\"display: none\"><\/p>\n    \n   <p class=\"phobs_input\">Datum der Ankunft:<\/p>\n   <div class=\"phobs_datum\">\n      <select name=\"check_in_day\" size=\"1\">\n      <option value=\"1\">01<\/option>\n      <option value=\"2\">02<\/option>\n      <option value=\"3\">03<\/option>\n      <option value=\"4\">04<\/option>\n      <option value=\"5\">05<\/option>\n      <option value=\"6\">06<\/option>\n      <option value=\"7\">07<\/option>\n      <option value=\"8\">08<\/option>\n      <option value=\"9\">09<\/option>\n      <option value=\"10\">10<\/option>\n      <option value=\"11\">11<\/option>\n      <option value=\"12\">12<\/option>\n      <option value=\"13\">13<\/option>\n      <option value=\"14\">14<\/option>\n      <option value=\"15\">15<\/option>\n      <option value=\"16\">16<\/option>\n      <option value=\"17\">17<\/option>\n      <option value=\"18\">18<\/option>\n      <option value=\"19\">19<\/option>\n      <option value=\"20\">20<\/option>\n      <option value=\"21\">21<\/option>\n      <option value=\"22\">22<\/option>\n      <option value=\"23\">23<\/option>\n      <option value=\"24\">24<\/option>\n      <option value=\"25\">25<\/option>\n      <option value=\"26\">26<\/option>\n      <option value=\"27\">27<\/option>\n      <option value=\"28\">28<\/option>\n      <option value=\"29\">29<\/option>\n      <option value=\"30\">30<\/option>\n      <option value=\"31\">31<\/option>\n   <\/select>\n   <select name=\"check_in_month\" size=\"1\">\n      <option value=\"1\">01<\/option>\n      <option value=\"2\">02<\/option>\n      <option value=\"3\">03<\/option>\n      <option value=\"4\">04<\/option>\n      <option value=\"5\">05<\/option>\n      <option value=\"6\">06<\/option>\n      <option value=\"7\">07<\/option>\n      <option value=\"8\">08<\/option>\n      <option value=\"9\">09<\/option>\n      <option value=\"10\">10<\/option>\n      <option value=\"11\">11<\/option>\n      <option value=\"12\">12<\/option>\n   <\/select>\n   <select name=\"check_in_year\" size=\"1\">\n        <option value=\"2022\">2022<\/option>\n  <option value=\"2023\">2023<\/option>\n   <\/select>\n   <\/div>\n   \n   \n      <p class=\"phobs_input\">Broj no\u0107i:<\/p>\n         <select class=\"phobs_noci\" name=\"nights\" size=\"1\">\n         <option value=\"1\">1<\/option>\n         <option value=\"2\">2<\/option>\n         <option value=\"3\">3<\/option>\n         <option value=\"4\">4<\/option>\n         <option value=\"5\">5<\/option>\n         <option value=\"6\">6<\/option>\n         <option value=\"7\">7<\/option>\n         <option value=\"8\">8<\/option>\n         <option value=\"9\">9<\/option>\n         <option value=\"10\">10<\/option>\n         <option value=\"11\">11<\/option>\n         <option value=\"12\">12<\/option>\n         <option value=\"13\">13<\/option>\n         <option value=\"14\">14<\/option>\n         <option value=\"15\">15<\/option>\n         <option value=\"16\">16<\/option>\n         <option value=\"17\">17<\/option>\n         <option value=\"18\">18<\/option>\n         <option value=\"19\">19<\/option>\n         <option value=\"20\">20<\/option>\n         <option value=\"21\">21<\/option>\n         <option value=\"22\">22<\/option>\n         <option value=\"23\">23<\/option>\n         <option value=\"24\">24<\/option>\n         <option value=\"25\">25<\/option>\n         <option value=\"26\">26<\/option>\n         <option value=\"27\">27<\/option>\n         <option value=\"28\">28<\/option>\n         <option value=\"29\">29<\/option>\n         <option value=\"30\">30<\/option>\n         <option value=\"31\">31<\/option>\n      <\/select>\n         <input name=\"book\" type=\"submit\" value=\"W\u00e4hlen\" class=\"button\">\n\n   <p>\n      <input name=\"company_id\" type=\"hidden\" value=\"65f018c90a784ac3cf0a78c682707ff8\" style=\"display: none\">\n      <input name=\"view_cancel\" type=\"hidden\" value=\"\" style=\"display: none\">\n      <input name=\"lang\" type=\"hidden\" value=\"de\" style=\"display: none\"> \n   <\/p>\n   <p>\nZugangscode (M\u00f6glichkeit):<br><input name=\"partners_access\" type=\"text\" size=\"20\" maxlength=\"20\" value=\"\" class=\"access_code\">\n<\/p>\n\n   <p>\n         <a href=\"https:\/\/secure.phobs.net\/book.php?company_id=65f018c90a784ac3cf0a78c682707ff8&amp;lang=hr&amp;view_cancel=1\" class=\"view_cancel\" target=\"_blank\" onclick=\"return viewCancelBooking(this)\">\u00c4ndern Sie es\/Sag es ab die reservierung \u00bb<\/a>\n   <\/p>\n\n<\/form>\n\n<script language=\"javascript\" type=\"text\/javascript\">\n   \/*\n   * PHOBS - form setup\n   *\/\n   phobsSetupForm();\n<\/script>\t\t<\/div>\n\t\t\t\t<\/div>\n\t\t\t\t\t<\/div>\n\t\t<\/div>\n\t\t\t\t<div class=\"elementor-column elementor-col-25 elementor-top-column elementor-element elementor-element-39e93f59\" data-id=\"39e93f59\" data-element_type=\"column\">\n\t\t\t<div class=\"elementor-widget-wrap\">\n\t\t\t\t\t\t\t\t\t<\/div>\n\t\t<\/div>\n\t\t\t\t\t\t\t<\/div>\n\t\t<\/div>\n\t\t\t\t\t\t\t<\/div>\n\t\t","protected":false},"excerpt":{"rendered":"<p>Buchung Reservierungen Datum der Ankunft: 01020304050607080910111213141516171819202122232425262728293031 010203040506070809101112 20222023 Broj no\u0107i: 12345678910111213141516171819202122232425262728293031 Zugangscode (M\u00f6glichkeit): \u00c4ndern Sie es\/Sag es ab die reservierung \u00bb<\/p>\n","protected":false},"author":1,"featured_media":0,"parent":0,"menu_order":0,"comment_status":"closed","ping_status":"closed","template":"","meta":{"footnotes":""},"class_list":["post-3699","page","type-page","status-publish","hentry"],"yoast_head":"<!-- This site is optimized with the Yoast SEO plugin v19.10 - https:\/\/yoast.com\/wordpress\/plugins\/seo\/ -->\n<title>Buchung - Apartments Dolcea<\/title>\n<meta name=\"robots\" content=\"index, follow, max-snippet:-1, max-image-preview:large, max-video-preview:-1\" \/>\n<link rel=\"canonical\" href=\"https:\/\/appdolcea.com\/de\/buchung\/\" \/>\n<meta property=\"og:locale\" content=\"de_DE\" \/>\n<meta property=\"og:type\" content=\"article\" \/>\n<meta property=\"og:title\" content=\"Buchung - Apartments Dolcea\" \/>\n<meta property=\"og:description\" content=\"Buchung Reservierungen Datum der Ankunft: 01020304050607080910111213141516171819202122232425262728293031 010203040506070809101112 20222023 Broj no\u0107i: 12345678910111213141516171819202122232425262728293031 Zugangscode (M\u00f6glichkeit): \u00c4ndern Sie es\/Sag es ab die reservierung \u00bb\" \/>\n<meta property=\"og:url\" content=\"https:\/\/appdolcea.com\/de\/buchung\/\" \/>\n<meta property=\"og:site_name\" content=\"Apartments Dolcea\" \/>\n<meta property=\"article:modified_time\" content=\"2022-12-02T02:05:08+00:00\" \/>\n<meta name=\"twitter:card\" content=\"summary_large_image\" \/>\n<script type=\"application\/ld+json\" class=\"yoast-schema-graph\">{\"@context\":\"https:\/\/schema.org\",\"@graph\":[{\"@type\":\"WebPage\",\"@id\":\"https:\/\/appdolcea.com\/de\/buchung\/\",\"url\":\"https:\/\/appdolcea.com\/de\/buchung\/\",\"name\":\"Buchung - Apartments Dolcea\",\"isPartOf\":{\"@id\":\"https:\/\/appdolcea.com\/de\/#website\"},\"datePublished\":\"2022-11-13T08:48:43+00:00\",\"dateModified\":\"2022-12-02T02:05:08+00:00\",\"breadcrumb\":{\"@id\":\"https:\/\/appdolcea.com\/de\/buchung\/#breadcrumb\"},\"inLanguage\":\"de\",\"potentialAction\":[{\"@type\":\"ReadAction\",\"target\":[\"https:\/\/appdolcea.com\/de\/buchung\/\"]}]},{\"@type\":\"BreadcrumbList\",\"@id\":\"https:\/\/appdolcea.com\/de\/buchung\/#breadcrumb\",\"itemListElement\":[{\"@type\":\"ListItem\",\"position\":1,\"name\":\"Po\u010detna stranica\",\"item\":\"https:\/\/appdolcea.com\/de\/villa-dolcea\/\"},{\"@type\":\"ListItem\",\"position\":2,\"name\":\"Buchung\"}]},{\"@type\":\"WebSite\",\"@id\":\"https:\/\/appdolcea.com\/de\/#website\",\"url\":\"https:\/\/appdolcea.com\/de\/\",\"name\":\"Apartments Dolcea\",\"description\":\"Dolcea\",\"potentialAction\":[{\"@type\":\"SearchAction\",\"target\":{\"@type\":\"EntryPoint\",\"urlTemplate\":\"https:\/\/appdolcea.com\/de\/?s={search_term_string}\"},\"query-input\":\"required name=search_term_string\"}],\"inLanguage\":\"de\"}]}<\/script>\n<!-- \/ Yoast SEO plugin. -->","yoast_head_json":{"title":"Buchung - Apartments Dolcea","robots":{"index":"index","follow":"follow","max-snippet":"max-snippet:-1","max-image-preview":"max-image-preview:large","max-video-preview":"max-video-preview:-1"},"canonical":"https:\/\/appdolcea.com\/de\/buchung\/","og_locale":"de_DE","og_type":"article","og_title":"Buchung - Apartments Dolcea","og_description":"Buchung Reservierungen Datum der Ankunft: 01020304050607080910111213141516171819202122232425262728293031 010203040506070809101112 20222023 Broj no\u0107i: 12345678910111213141516171819202122232425262728293031 Zugangscode (M\u00f6glichkeit): \u00c4ndern Sie es\/Sag es ab die reservierung \u00bb","og_url":"https:\/\/appdolcea.com\/de\/buchung\/","og_site_name":"Apartments Dolcea","article_modified_time":"2022-12-02T02:05:08+00:00","twitter_card":"summary_large_image","schema":{"@context":"https:\/\/schema.org","@graph":[{"@type":"WebPage","@id":"https:\/\/appdolcea.com\/de\/buchung\/","url":"https:\/\/appdolcea.com\/de\/buchung\/","name":"Buchung - Apartments Dolcea","isPartOf":{"@id":"https:\/\/appdolcea.com\/de\/#website"},"datePublished":"2022-11-13T08:48:43+00:00","dateModified":"2022-12-02T02:05:08+00:00","breadcrumb":{"@id":"https:\/\/appdolcea.com\/de\/buchung\/#breadcrumb"},"inLanguage":"de","potentialAction":[{"@type":"ReadAction","target":["https:\/\/appdolcea.com\/de\/buchung\/"]}]},{"@type":"BreadcrumbList","@id":"https:\/\/appdolcea.com\/de\/buchung\/#breadcrumb","itemListElement":[{"@type":"ListItem","position":1,"name":"Po\u010detna stranica","item":"https:\/\/appdolcea.com\/de\/villa-dolcea\/"},{"@type":"ListItem","position":2,"name":"Buchung"}]},{"@type":"WebSite","@id":"https:\/\/appdolcea.com\/de\/#website","url":"https:\/\/appdolcea.com\/de\/","name":"Apartments Dolcea","description":"Dolcea","potentialAction":[{"@type":"SearchAction","target":{"@type":"EntryPoint","urlTemplate":"https:\/\/appdolcea.com\/de\/?s={search_term_string}"},"query-input":"required name=search_term_string"}],"inLanguage":"de"}]}},"_links":{"self":[{"href":"https:\/\/appdolcea.com\/de\/wp-json\/wp\/v2\/pages\/3699","targetHints":{"allow":["GET"]}}],"collection":[{"href":"https:\/\/appdolcea.com\/de\/wp-json\/wp\/v2\/pages"}],"about":[{"href":"https:\/\/appdolcea.com\/de\/wp-json\/wp\/v2\/types\/page"}],"author":[{"embeddable":true,"href":"https:\/\/appdolcea.com\/de\/wp-json\/wp\/v2\/users\/1"}],"replies":[{"embeddable":true,"href":"https:\/\/appdolcea.com\/de\/wp-json\/wp\/v2\/comments?post=3699"}],"version-history":[{"count":2,"href":"https:\/\/appdolcea.com\/de\/wp-json\/wp\/v2\/pages\/3699\/revisions"}],"predecessor-version":[{"id":4008,"href":"https:\/\/appdolcea.com\/de\/wp-json\/wp\/v2\/pages\/3699\/revisions\/4008"}],"wp:attachment":[{"href":"https:\/\/appdolcea.com\/de\/wp-json\/wp\/v2\/media?parent=3699"}],"curies":[{"name":"wp","href":"https:\/\/api.w.org\/{rel}","templated":true}]}}